{"id":395,"date":"2025-11-27T14:14:49","date_gmt":"2025-11-27T14:14:49","guid":{"rendered":"https:\/\/www.detamcevre.com\/?page_id=395"},"modified":"2026-03-07T08:36:20","modified_gmt":"2026-03-07T08:36:20","slug":"cevre-yonetim-iso14001-hizmetleri","status":"publish","type":"page","link":"https:\/\/www.detamcevre.com\/index.php\/cevre-yonetim-iso14001-hizmetleri\/","title":{"rendered":"\u00c7evre Y\u00f6netim (ISO14001) Hizmetleri"},"content":{"rendered":"<p><div class=\"fusion-fullwidth fullwidth-box fusion-builder-row-1 fusion-flex-container has-pattern-background has-mask-background nonhundred-percent-fullwidth non-hundred-percent-height-scrolling\" style=\"--awb-border-radius-top-left:0px;--awb-border-radius-top-right:0px;--awb-border-radius-bottom-right:0px;--awb-border-radius-bottom-left:0px;--awb-flex-wrap:wrap;\" ><div class=\"fusion-builder-row fusion-row fusion-flex-align-items-flex-start fusion-flex-content-wrap\" style=\"max-width:1248px;margin-left: calc(-4% \/ 2 );margin-right: calc(-4% \/ 2 );\"><div class=\"fusion-layout-column fusion_builder_column fusion-builder-column-0 fusion_builder_column_1_1 1_1 fusion-flex-column\" style=\"--awb-bg-size:cover;--awb-width-large:100%;--awb-margin-top-large:0px;--awb-spacing-right-large:1.92%;--awb-margin-bottom-large:20px;--awb-spacing-left-large:1.92%;--awb-width-medium:100%;--awb-order-medium:0;--awb-spacing-right-medium:1.92%;--awb-spacing-left-medium:1.92%;--awb-width-small:100%;--awb-order-small:0;--awb-spacing-right-small:1.92%;--awb-spacing-left-small:1.92%;\"><div class=\"fusion-column-wrapper fusion-column-has-shadow fusion-flex-justify-content-flex-start fusion-content-layout-column\"><div class=\"fusion-separator fusion-full-width-sep\" style=\"align-self: center;margin-left: auto;margin-right: auto;width:100%;\"><div class=\"fusion-separator-border sep-single sep-solid\" style=\"--awb-height:20px;--awb-amount:20px;--awb-sep-color:var(--awb-color4);border-color:var(--awb-color4);border-top-width:5px;\"><\/div><\/div><\/div><\/div><\/div><\/div><div class=\"fusion-fullwidth fullwidth-box fusion-builder-row-2 fusion-flex-container has-pattern-background has-mask-background nonhundred-percent-fullwidth non-hundred-percent-height-scrolling\" style=\"--awb-border-radius-top-left:0px;--awb-border-radius-top-right:0px;--awb-border-radius-bottom-right:0px;--awb-border-radius-bottom-left:0px;--awb-flex-wrap:wrap;\" ><div class=\"fusion-builder-row fusion-row fusion-flex-align-items-flex-start fusion-flex-content-wrap\" style=\"max-width:1248px;margin-left: calc(-4% \/ 2 );margin-right: calc(-4% \/ 2 );\"><div class=\"fusion-layout-column fusion_builder_column fusion-builder-column-1 fusion_builder_column_2_3 2_3 fusion-flex-column\" style=\"--awb-bg-size:cover;--awb-width-large:66.666666666667%;--awb-margin-top-large:0px;--awb-spacing-right-large:2.88%;--awb-margin-bottom-large:20px;--awb-spacing-left-large:2.88%;--awb-width-medium:66.666666666667%;--awb-order-medium:0;--awb-spacing-right-medium:2.88%;--awb-spacing-left-medium:2.88%;--awb-width-small:100%;--awb-order-small:0;--awb-spacing-right-small:1.92%;--awb-spacing-left-small:1.92%;\"><div class=\"fusion-column-wrapper fusion-column-has-shadow fusion-flex-justify-content-flex-start fusion-content-layout-column\"><div class=\"fusion-text fusion-text-1\"><h3><b>ISO 14001 \u00c7evre Y\u00f6netim Sistemi Kurulumu<\/b><\/h3>\n<p>ISO 14001 \u00e7evre y\u00f6netim sistemi, i\u015fletmelerde \u00e7evresel risklerin sistematik olarak y\u00f6netilmesini sa\u011flar. <b>Deneyimli \u00c7evre Dan\u0131\u015fmanl\u0131k<\/b>, ISO 14001 kurulum s\u00fcrecinde:<\/p>\n<p>\u2022 \u00c7evresel risk ve f\u0131rsat analizini yapar,<\/p>\n<p>\u2022 Mevzuat uygunluk de\u011ferlendirmesini ger\u00e7ekle\u015ftirir,<\/p>\n<p>\u2022 Dok\u00fcmantasyon ve prosed\u00fcrleri olu\u015fturur,<\/p>\n<p>\u2022 E\u011fitim ve i\u00e7 denetim s\u00fcre\u00e7lerini y\u00fcr\u00fct\u00fcr.<\/p>\n<p>Bu sistem i\u015fletmelere; s\u00fcrd\u00fcr\u00fclebilirlik, yasal uygunluk, \u00e7evresel performans iyile\u015ftirme ve uluslararas\u0131 standartlara uyum sa\u011flar.<\/p>\n<\/div><\/div><\/div><div class=\"fusion-layout-column fusion_builder_column fusion-builder-column-2 fusion_builder_column_1_3 1_3 fusion-flex-column\" style=\"--awb-bg-size:cover;--awb-width-large:33.333333333333%;--awb-margin-top-large:0px;--awb-spacing-right-large:5.76%;--awb-margin-bottom-large:20px;--awb-spacing-left-large:5.76%;--awb-width-medium:33.333333333333%;--awb-order-medium:0;--awb-spacing-right-medium:5.76%;--awb-spacing-left-medium:5.76%;--awb-width-small:100%;--awb-order-small:0;--awb-spacing-right-small:1.92%;--awb-spacing-left-small:1.92%;\"><div class=\"fusion-column-wrapper fusion-column-has-shadow fusion-flex-justify-content-flex-start fusion-content-layout-column\"><!DOCTYPE html>\n<html lang=\"tr\">\n<head>\n    <meta charset=\"UTF-8\">\n    <meta name=\"viewport\" content=\"width=device-width, initial-scale=1.0\">\n    <link rel=\"stylesheet\" href=\"https:\/\/cdnjs.cloudflare.com\/ajax\/libs\/font-awesome\/6.4.0\/css\/all.min.css\">\n    <style>\n        body {\n            font-family: 'Segoe UI', Arial, sans-serif;\n            background-color: #f4f4f4;\n            display: flex;\n            justify-content: center;\n            padding: 20px;\n        }\n\n        .service-menu {\n            width: 370px;\n            background: #ffffff;\n            border-radius: 4px;\n            box-shadow: 0 2px 10px rgba(0,0,0,0.1);\n            border: 1px solid #ddd;\n            overflow: hidden;\n        }\n\n        .menu-header {\n            background: #65bd7d;\n            color: white;\n            padding: 8px 15px;\n            font-size: 14px;\n            font-weight: 600;\n            text-align: center;\n        }\n\n        .menu-list {\n            list-style: none;\n            margin: 0;\n            padding: 0;\n        }\n\n        .menu-item {\n            border-bottom: 1px solid #eee;\n        }\n\n        .menu-item:last-child {\n            border-bottom: none;\n        }\n\n        .menu-link {\n            display: flex;\n            align-items: center;\n            padding: 5px 12px; \/* Daha da minimize edilmi\u015f aral\u0131klar *\/\n            text-decoration: none;\n            color: #333;\n            font-size: 12.5px;\n            transition: all 0.2s ease;\n        }\n\n        .menu-link i {\n            width: 22px;\n            color: #65bd7d;\n            font-size: 13px;\n            margin-right: 8px;\n            text-align: center;\n        }\n\n        .menu-link:hover {\n            background-color: #f9fdfa;\n            color: #65bd7d;\n        }\n    <\/style>\n<\/head>\n<body>\n\n<div class=\"service-menu\">\n    <div class=\"menu-header\">Hizmet Alanlar\u0131m\u0131z<\/div>\n    <ul class=\"menu-list\">\n        <li class=\"menu-item\"><a href=\"https:\/\/www.detamcevre.com\/\" class=\"menu-link\"><i class=\"fas fa-leaf\"><\/i> \u00c7evre Dan\u0131\u015fmanl\u0131k Hizmetleri<\/a><\/li>\n        <li class=\"menu-item\"><a href=\"https:\/\/www.detamcevre.com\/index.php\/cevre-muhendisi-gorevlendirilmesi\/\" class=\"menu-link\"><i class=\"fas fa-user-cog\"><\/i> \u00c7evre M\u00fchendisi G\u00f6revlendirilmesi<\/a><\/li>\n        <li class=\"menu-item\"><a href=\"https:\/\/www.detamcevre.com\/index.php\/cevre-mevzuatlari-ambalaj-ve-atik-beyani-calismalari\/\" class=\"menu-link\"><i class=\"fas fa-file-signature\"><\/i> \u00c7evre Mevzuatlar\u0131 ve At\u0131k Beyan\u0131<\/a><\/li>\n        <li class=\"menu-item\"><a href=\"https:\/\/www.detamcevre.com\/index.php\/cevre-muhendisi-ve-lisans-basvurusu\/\" class=\"menu-link\"><i class=\"fas fa-id-card\"><\/i> \u00c7evre M\u00fchendisi ve Lisans Ba\u015fvurusu<\/a><\/li>\n        <li class=\"menu-item\"><a href=\"https:\/\/www.detamcevre.com\/index.php\/sifir-atik-danismanligi\/\" class=\"menu-link\"><i class=\"fas fa-recycle\"><\/i> S\u0131f\u0131r At\u0131k Dan\u0131\u015fmanl\u0131\u011f\u0131<\/a><\/li>\n        <li class=\"menu-item\"><a href=\"https:\/\/www.detamcevre.com\/index.php\/cevre-yonetim-iso14001-hizmetleri\/\" class=\"menu-link\"><i class=\"fas fa-check-double\"><\/i> \u00c7evre Y\u00f6netim (ISO14001)<\/a><\/li>\n        <li class=\"menu-item\"><a href=\"https:\/\/www.detamcevre.com\/index.php\/su-verimliligi-danismanligi\/\" class=\"menu-link\"><i class=\"fas fa-faucet\"><\/i> Su Verimlili\u011fi Y\u00f6netmeli\u011fi<\/a><\/li>\n        <li class=\"menu-item\"><a href=\"https:\/\/www.detamcevre.com\/index.php\/enerji-yonetim-danismanlik-hizmetleri\/\" class=\"menu-link\"><i class=\"fas fa-charging-station\"><\/i> Enerji Y\u00f6netim Dan\u0131\u015fmanl\u0131\u011f\u0131<\/a><\/li>\n        <li class=\"menu-item\"><a href=\"https:\/\/www.detamcevre.com\/index.php\/uretim-sureci-belgelerinin-olusturulmasi\/\" class=\"menu-link\"><i class=\"fas fa-tools\"><\/i> \u00dcretim S\u00fcreci Belgeleri<\/a><\/li>\n        <li class=\"menu-item\"><a href=\"https:\/\/www.detamcevre.com\/index.php\/proje-kaynak-gelistirme-danismanligi\/\" class=\"menu-link\"><i class=\"fas fa-briefcase\"><\/i> Proje Kaynak Geli\u015ftirme<\/a><\/li>\n        <li class=\"menu-item\"><a href=\"https:\/\/www.detamcevre.com\/index.php\/ced-izleme-hizmetleri-ced-danismanligi\/\" class=\"menu-link\"><i class=\"fas fa-search\"><\/i> \u00c7ED \u0130zleme Hizmetleri<\/a><\/li>\n        <li class=\"menu-item\"><a href=\"https:\/\/www.detamcevre.com\/index.php\/cevresel-etki-degerlendirmesi\/\" class=\"menu-link\"><i class=\"fas fa-clipboard-check\"><\/i> \u00c7evresel Etki De\u011ferlendirmesi<\/a><\/li>\n        <li class=\"menu-item\"><a href=\"https:\/\/www.detamcevre.com\/index.php\/yurt-disi-yatirimcilara-fabrika-alani-fizibilite-danismanligi\/\" class=\"menu-link\"><i class=\"fas fa-map-marked-alt\"><\/i> Fabrika Alan\u0131 Fizibilite<\/a><\/li>\n        <li class=\"menu-item\"><a href=\"https:\/\/www.detamcevre.com\/index.php\/gumruk-islemleri-ve-dis-ticaret-danismanligi\/\" class=\"menu-link\"><i class=\"fas fa-globe\"><\/i> G\u00fcmr\u00fck ve D\u0131\u015f Ticaret Dan\u0131\u015fmanl\u0131\u011f\u0131<\/a><\/li>\n        <li class=\"menu-item\"><a href=\"https:\/\/www.detamcevre.com\/index.php\/yatirim-tesvik-danismanlik-hizmetleri\/\" class=\"menu-link\"><i class=\"fas fa-hand-holding-usd\"><\/i> Yat\u0131r\u0131m Te\u015fvik Dan\u0131\u015fmanl\u0131\u011f\u0131<\/a><\/li>\n    <\/ul>\n<\/div>\n\n<\/body>\n<\/html><\/div><\/div><\/div><\/div><\/p>\n","protected":false},"excerpt":{"rendered":"","protected":false},"author":2,"featured_media":0,"parent":0,"menu_order":0,"comment_status":"closed","ping_status":"closed","template":"100-width.php","meta":{"footnotes":""},"class_list":["post-395","page","type-page","status-publish","hentry"],"yoast_head":"<!-- This site is optimized with the Yoast SEO plugin v27.5 - https:\/\/yoast.com\/product\/yoast-seo-wordpress\/ -->\n<title>ISO 14001 \u00c7evre Y\u00f6netim Sistemi Kurulumu \u2013 \u00c7evre Dan\u0131\u015fmanl\u0131k<\/title>\n<meta name=\"description\" content=\"Deneyimli \u00c7evre Dan\u0131\u015fmanl\u0131k, ISO 14001 \u00e7evre y\u00f6netim sistemi kurulumu ile i\u015fletmelere s\u00fcrd\u00fcr\u00fclebilirlik ve yasal uyum sa\u011flar.\" \/>\n<meta name=\"robots\" content=\"index, follow, max-snippet:-1, max-image-preview:large, max-video-preview:-1\" \/>\n<link rel=\"canonical\" href=\"https:\/\/www.detamcevre.com\/index.php\/cevre-yonetim-iso14001-hizmetleri\/\" \/>\n<meta property=\"og:locale\" content=\"tr_TR\" \/>\n<meta property=\"og:type\" content=\"article\" \/>\n<meta property=\"og:title\" content=\"ISO 14001 \u00c7evre Y\u00f6netim Sistemi Kurulumu \u2013 \u00c7evre Dan\u0131\u015fmanl\u0131k\" \/>\n<meta property=\"og:description\" content=\"Deneyimli \u00c7evre Dan\u0131\u015fmanl\u0131k, ISO 14001 \u00e7evre y\u00f6netim sistemi kurulumu ile i\u015fletmelere s\u00fcrd\u00fcr\u00fclebilirlik ve yasal uyum sa\u011flar.\" \/>\n<meta property=\"og:url\" content=\"https:\/\/www.detamcevre.com\/index.php\/cevre-yonetim-iso14001-hizmetleri\/\" \/>\n<meta property=\"og:site_name\" content=\"Detam &Ccedil;evre Dan\u0131\u015fmal\u0131k Hizmetleri\" \/>\n<meta property=\"article:modified_time\" content=\"2026-03-07T08:36:20+00:00\" \/>\n<meta name=\"twitter:card\" content=\"summary_large_image\" \/>\n<meta name=\"twitter:label1\" content=\"Tahmini okuma s\u00fcresi\" \/>\n\t<meta name=\"twitter:data1\" content=\"1 dakika\" \/>\n<script type=\"application\/ld+json\" class=\"yoast-schema-graph\">{\"@context\":\"https:\\\/\\\/schema.org\",\"@graph\":[{\"@type\":\"WebPage\",\"@id\":\"https:\\\/\\\/www.detamcevre.com\\\/index.php\\\/cevre-yonetim-iso14001-hizmetleri\\\/\",\"url\":\"https:\\\/\\\/www.detamcevre.com\\\/index.php\\\/cevre-yonetim-iso14001-hizmetleri\\\/\",\"name\":\"ISO 14001 \u00c7evre Y\u00f6netim Sistemi Kurulumu \u2013 \u00c7evre Dan\u0131\u015fmanl\u0131k\",\"isPartOf\":{\"@id\":\"https:\\\/\\\/www.detamcevre.com\\\/#website\"},\"datePublished\":\"2025-11-27T14:14:49+00:00\",\"dateModified\":\"2026-03-07T08:36:20+00:00\",\"description\":\"Deneyimli \u00c7evre Dan\u0131\u015fmanl\u0131k, ISO 14001 \u00e7evre y\u00f6netim sistemi kurulumu ile i\u015fletmelere s\u00fcrd\u00fcr\u00fclebilirlik ve yasal uyum sa\u011flar.\",\"breadcrumb\":{\"@id\":\"https:\\\/\\\/www.detamcevre.com\\\/index.php\\\/cevre-yonetim-iso14001-hizmetleri\\\/#breadcrumb\"},\"inLanguage\":\"tr\",\"potentialAction\":[{\"@type\":\"ReadAction\",\"target\":[\"https:\\\/\\\/www.detamcevre.com\\\/index.php\\\/cevre-yonetim-iso14001-hizmetleri\\\/\"]}]},{\"@type\":\"BreadcrumbList\",\"@id\":\"https:\\\/\\\/www.detamcevre.com\\\/index.php\\\/cevre-yonetim-iso14001-hizmetleri\\\/#breadcrumb\",\"itemListElement\":[{\"@type\":\"ListItem\",\"position\":1,\"name\":\"Anasayfa\",\"item\":\"https:\\\/\\\/www.detamcevre.com\\\/\"},{\"@type\":\"ListItem\",\"position\":2,\"name\":\"\u00c7evre Y\u00f6netim (ISO14001) Hizmetleri\"}]},{\"@type\":\"WebSite\",\"@id\":\"https:\\\/\\\/www.detamcevre.com\\\/#website\",\"url\":\"https:\\\/\\\/www.detamcevre.com\\\/\",\"name\":\"Detam &Ccedil;evre Dan\u0131\u015fmal\u0131k Hizmetleri\",\"description\":\"Detam &Ccedil;evre Dan\u0131\u015fmanl\u0131k Hizmetleri\",\"potentialAction\":[{\"@type\":\"SearchAction\",\"target\":{\"@type\":\"EntryPoint\",\"urlTemplate\":\"https:\\\/\\\/www.detamcevre.com\\\/?s={search_term_string}\"},\"query-input\":{\"@type\":\"PropertyValueSpecification\",\"valueRequired\":true,\"valueName\":\"search_term_string\"}}],\"inLanguage\":\"tr\"}]}<\/script>\n<!-- \/ Yoast SEO plugin. -->","yoast_head_json":{"title":"ISO 14001 \u00c7evre Y\u00f6netim Sistemi Kurulumu \u2013 \u00c7evre Dan\u0131\u015fmanl\u0131k","description":"Deneyimli \u00c7evre Dan\u0131\u015fmanl\u0131k, ISO 14001 \u00e7evre y\u00f6netim sistemi kurulumu ile i\u015fletmelere s\u00fcrd\u00fcr\u00fclebilirlik ve yasal uyum sa\u011flar.","robots":{"index":"index","follow":"follow","max-snippet":"max-snippet:-1","max-image-preview":"max-image-preview:large","max-video-preview":"max-video-preview:-1"},"canonical":"https:\/\/www.detamcevre.com\/index.php\/cevre-yonetim-iso14001-hizmetleri\/","og_locale":"tr_TR","og_type":"article","og_title":"ISO 14001 \u00c7evre Y\u00f6netim Sistemi Kurulumu \u2013 \u00c7evre Dan\u0131\u015fmanl\u0131k","og_description":"Deneyimli \u00c7evre Dan\u0131\u015fmanl\u0131k, ISO 14001 \u00e7evre y\u00f6netim sistemi kurulumu ile i\u015fletmelere s\u00fcrd\u00fcr\u00fclebilirlik ve yasal uyum sa\u011flar.","og_url":"https:\/\/www.detamcevre.com\/index.php\/cevre-yonetim-iso14001-hizmetleri\/","og_site_name":"Detam &Ccedil;evre Dan\u0131\u015fmal\u0131k Hizmetleri","article_modified_time":"2026-03-07T08:36:20+00:00","twitter_card":"summary_large_image","twitter_misc":{"Tahmini okuma s\u00fcresi":"1 dakika"},"schema":{"@context":"https:\/\/schema.org","@graph":[{"@type":"WebPage","@id":"https:\/\/www.detamcevre.com\/index.php\/cevre-yonetim-iso14001-hizmetleri\/","url":"https:\/\/www.detamcevre.com\/index.php\/cevre-yonetim-iso14001-hizmetleri\/","name":"ISO 14001 \u00c7evre Y\u00f6netim Sistemi Kurulumu \u2013 \u00c7evre Dan\u0131\u015fmanl\u0131k","isPartOf":{"@id":"https:\/\/www.detamcevre.com\/#website"},"datePublished":"2025-11-27T14:14:49+00:00","dateModified":"2026-03-07T08:36:20+00:00","description":"Deneyimli \u00c7evre Dan\u0131\u015fmanl\u0131k, ISO 14001 \u00e7evre y\u00f6netim sistemi kurulumu ile i\u015fletmelere s\u00fcrd\u00fcr\u00fclebilirlik ve yasal uyum sa\u011flar.","breadcrumb":{"@id":"https:\/\/www.detamcevre.com\/index.php\/cevre-yonetim-iso14001-hizmetleri\/#breadcrumb"},"inLanguage":"tr","potentialAction":[{"@type":"ReadAction","target":["https:\/\/www.detamcevre.com\/index.php\/cevre-yonetim-iso14001-hizmetleri\/"]}]},{"@type":"BreadcrumbList","@id":"https:\/\/www.detamcevre.com\/index.php\/cevre-yonetim-iso14001-hizmetleri\/#breadcrumb","itemListElement":[{"@type":"ListItem","position":1,"name":"Anasayfa","item":"https:\/\/www.detamcevre.com\/"},{"@type":"ListItem","position":2,"name":"\u00c7evre Y\u00f6netim (ISO14001) Hizmetleri"}]},{"@type":"WebSite","@id":"https:\/\/www.detamcevre.com\/#website","url":"https:\/\/www.detamcevre.com\/","name":"Detam &Ccedil;evre Dan\u0131\u015fmal\u0131k Hizmetleri","description":"Detam &Ccedil;evre Dan\u0131\u015fmanl\u0131k Hizmetleri","potentialAction":[{"@type":"SearchAction","target":{"@type":"EntryPoint","urlTemplate":"https:\/\/www.detamcevre.com\/?s={search_term_string}"},"query-input":{"@type":"PropertyValueSpecification","valueRequired":true,"valueName":"search_term_string"}}],"inLanguage":"tr"}]}},"_links":{"self":[{"href":"https:\/\/www.detamcevre.com\/index.php\/wp-json\/wp\/v2\/pages\/395","targetHints":{"allow":["GET"]}}],"collection":[{"href":"https:\/\/www.detamcevre.com\/index.php\/wp-json\/wp\/v2\/pages"}],"about":[{"href":"https:\/\/www.detamcevre.com\/index.php\/wp-json\/wp\/v2\/types\/page"}],"author":[{"embeddable":true,"href":"https:\/\/www.detamcevre.com\/index.php\/wp-json\/wp\/v2\/users\/2"}],"replies":[{"embeddable":true,"href":"https:\/\/www.detamcevre.com\/index.php\/wp-json\/wp\/v2\/comments?post=395"}],"version-history":[{"count":7,"href":"https:\/\/www.detamcevre.com\/index.php\/wp-json\/wp\/v2\/pages\/395\/revisions"}],"predecessor-version":[{"id":923,"href":"https:\/\/www.detamcevre.com\/index.php\/wp-json\/wp\/v2\/pages\/395\/revisions\/923"}],"wp:attachment":[{"href":"https:\/\/www.detamcevre.com\/index.php\/wp-json\/wp\/v2\/media?parent=395"}],"curies":[{"name":"wp","href":"https:\/\/api.w.org\/{rel}","templated":true}]}}