{"id":92,"date":"2025-11-25T09:45:53","date_gmt":"2025-11-25T09:45:53","guid":{"rendered":"https:\/\/www.detamcevre.com\/?page_id=92"},"modified":"2026-03-07T08:39:07","modified_gmt":"2026-03-07T08:39:07","slug":"kalite-politikamiz","status":"publish","type":"page","link":"https:\/\/www.detamcevre.com\/index.php\/kalite-politikamiz\/","title":{"rendered":"Kalite Politikam\u0131z"},"content":{"rendered":"<p><div class=\"fusion-fullwidth fullwidth-box fusion-builder-row-1 fusion-flex-container has-pattern-background has-mask-background nonhundred-percent-fullwidth non-hundred-percent-height-scrolling\" style=\"--awb-border-radius-top-left:0px;--awb-border-radius-top-right:0px;--awb-border-radius-bottom-right:0px;--awb-border-radius-bottom-left:0px;--awb-flex-wrap:wrap;\" ><div class=\"fusion-builder-row fusion-row fusion-flex-align-items-flex-start fusion-flex-content-wrap\" style=\"max-width:1248px;margin-left: calc(-4% \/ 2 );margin-right: calc(-4% \/ 2 );\"><div class=\"fusion-layout-column fusion_builder_column fusion-builder-column-0 fusion_builder_column_1_1 1_1 fusion-flex-column\" style=\"--awb-bg-size:cover;--awb-width-large:100%;--awb-margin-top-large:0px;--awb-spacing-right-large:1.92%;--awb-margin-bottom-large:20px;--awb-spacing-left-large:1.92%;--awb-width-medium:100%;--awb-order-medium:0;--awb-spacing-right-medium:1.92%;--awb-spacing-left-medium:1.92%;--awb-width-small:100%;--awb-order-small:0;--awb-spacing-right-small:1.92%;--awb-spacing-left-small:1.92%;\"><div class=\"fusion-column-wrapper fusion-column-has-shadow fusion-flex-justify-content-flex-start fusion-content-layout-column\"><div class=\"fusion-separator fusion-full-width-sep\" style=\"align-self: center;margin-left: auto;margin-right: auto;width:100%;\"><div class=\"fusion-separator-border sep-single sep-solid\" style=\"--awb-height:20px;--awb-amount:20px;--awb-sep-color:var(--awb-color4);border-color:var(--awb-color4);border-top-width:5px;\"><\/div><\/div><\/div><\/div><\/div><\/div><div class=\"fusion-fullwidth fullwidth-box fusion-builder-row-2 fusion-flex-container has-pattern-background has-mask-background nonhundred-percent-fullwidth non-hundred-percent-height-scrolling\" style=\"--awb-border-radius-top-left:0px;--awb-border-radius-top-right:0px;--awb-border-radius-bottom-right:0px;--awb-border-radius-bottom-left:0px;--awb-flex-wrap:wrap;\" ><div class=\"fusion-builder-row fusion-row fusion-flex-align-items-flex-start fusion-flex-content-wrap\" style=\"max-width:1248px;margin-left: calc(-4% \/ 2 );margin-right: calc(-4% \/ 2 );\"><div class=\"fusion-layout-column fusion_builder_column fusion-builder-column-1 fusion_builder_column_2_3 2_3 fusion-flex-column\" style=\"--awb-bg-size:cover;--awb-width-large:66.666666666667%;--awb-margin-top-large:0px;--awb-spacing-right-large:2.88%;--awb-margin-bottom-large:20px;--awb-spacing-left-large:2.88%;--awb-width-medium:66.666666666667%;--awb-order-medium:0;--awb-spacing-right-medium:2.88%;--awb-spacing-left-medium:2.88%;--awb-width-small:100%;--awb-order-small:0;--awb-spacing-right-small:1.92%;--awb-spacing-left-small:1.92%;\"><div class=\"fusion-column-wrapper fusion-column-has-shadow fusion-flex-justify-content-flex-start fusion-content-layout-column\"><div class=\"fusion-text fusion-text-1\"><h3><strong>KAL\u0130TE POL\u0130T\u0130KAMIZ:<\/strong><\/h3>\n<p>Sosyal sorumluluklar\u0131n\u0131n bilincinde, \u0130\u015fletme girdilerine ve \u00fclke ekonomisine katk\u0131da bulunan, \u00c7EVREYE ve \u0130NSANA \u00f6nem veren, uygulama yetki ve sorumlulu\u011fu olan bir kurulu\u015f olarak<strong>;<\/strong><\/p>\n<ul>\n<li>S\u00fcrekli geli\u015fme ve iyile\u015fme prensibini esas alarak, hizmet sundu\u011fumuz kurulu\u015flara, \u00e7evreyle uyumlu, insan sa\u011fl\u0131\u011f\u0131n\u0131 \u00f6n plana \u00e7\u0131karan \u00fcr\u00fcn, \u00e7\u00f6z\u00fcm ve faaliyetleri planlamak \u00fczere \u00e7evre, sa\u011fl\u0131k ve g\u00fcvenlik risklerini belirleyerek \u00f6nlemler geli\u015ftirmek,<\/li>\n<li>Tehlikeleri tamamen ortadan kald\u0131racak y\u00f6ntemleri uygulamak,<\/li>\n<li>Ger\u00e7ekle\u015ftirdi\u011fimiz faaliyetler s\u0131ras\u0131nda ortaya \u00e7\u0131kan sa\u011fl\u0131k\/g\u00fcvenlik riskleri ve \u00e7evre boyutlar\u0131yla ba\u011flant\u0131l\u0131, Yasal mevzuat, i\u015fletme \u015fartname ve Y\u00f6netim Sistemleri ile belirlenmi\u015f yasal sorumluluklar\u0131m\u0131z\u0131 yerine getirmek<\/li>\n<li>\u0130\u015fletme \u0130\u015f Sa\u011fl\u0131\u011f\u0131 G\u00fcvenli\u011fi ve \u00c7evre uygulama faaliyetlerimizi, olu\u015fabilecek sa\u011fl\u0131k, g\u00fcvenlik ve \u00e7evresel riskleri \u00f6nleyecek \u015fekilde planlamak,<\/li>\n<li>S\u00fcrd\u00fcr\u00fclebilir geli\u015fmemizin bir g\u00f6stergesi olarak, firmam\u0131z ve hizmet verdi\u011fimizi kurumlar\u0131n sebebiyet verece\u011fi \u00e7evre kirlili\u011finin azalt\u0131lmas\u0131n\u0131, enerji ve do\u011fal kaynaklar\u0131n verimli kullan\u0131lmas\u0131n\u0131 sa\u011flamak ve sa\u011flatmak<\/li>\n<li>DETAM&nbsp;\u00e7al\u0131\u015fanlar\u0131 ve m\u00fc\u015fteri \u00e7al\u0131\u015fanlar\u0131n\u0131n bireysel sa\u011fl\u0131klar\u0131n\u0131 koruyarak, \u00e7al\u0131\u015fma ve ortam \u015fartlar\u0131n\u0131 sa\u011fl\u0131kl\u0131 hale getirerek i\u015f kazas\u0131 ve meslek hastal\u0131klar\u0131n\u0131n olu\u015fmas\u0131n\u0131 \u00f6nlemek,<\/li>\n<li>Tesislerimizde, m\u00fc\u015fterilerimize ait i\u015fyeri, i\u015fletme ve \u015fantiyelerde, projelerimizde g\u00f6rev yapan \u00e7al\u0131\u015fanlar\u0131m\u0131z ile tedarik\u00e7ilerimizin \u201c\u00d6nce \u0130nsan Sa\u011fl\u0131\u011f\u0131, G\u00fcvenli\u011fi ve \u00c7evre Koruma\u201d felsefesinden hareketle bilgi ve bilin\u00e7 d\u00fczeylerini geli\u015ftirmek y\u00f6n\u00fcnde \u00e7al\u0131\u015fmalar yapmak,<\/li>\n<li>M\u00fc\u015fterilerimiz taraf\u0131ndan kullan\u0131lmakta olan \u00dcr\u00fcn ve hizmetlere ili\u015fkin \u00e7evre, sa\u011fl\u0131k ve g\u00fcvenlikle ilgili bilgileri an\u0131nda m\u00fc\u015fterilerimize iletmek,<\/li>\n<li>Resmi ve \u00f6zel kurulu\u015flar\u0131n faaliyetlerine kat\u0131l\u0131p destek vermek,<\/li>\n<\/ul>\n<p>Kalite,\u00c7evre ve \u0130\u015f Sa\u011fl\u0131\u011f\u0131 G\u00fcvenli\u011fi Y\u00f6netim Sistemini geli\u015ftirecek ama\u00e7 ve hedeflerimizin belirlenmesinde temel olan unsurlard\u0131r.<\/p>\n<p>Bu g\u00fcne kadar yapt\u0131klar\u0131m\u0131z ve bundan sonra yapacaklar\u0131m\u0131z kamuoyunun bilgisine a\u00e7\u0131k olup, Entegre Y\u00f6netim sistemleri b\u00fct\u00fcn\u00fc i\u00e7erisinde, \u00e7evre kalitesinin sa\u011flanmas\u0131, insan sa\u011fl\u0131\u011f\u0131n\u0131n korunmas\u0131, g\u00fcvenli \u00e7al\u0131\u015fma ortamlar\u0131n\u0131n olu\u015fturulmas\u0131 ve s\u00fcrd\u00fcr\u00fclmesi DETAM \u00e7al\u0131\u015fanlar\u0131 olarak hepimizin temel g\u00f6revidir.<\/p>\n<\/div><\/div><\/div><div class=\"fusion-layout-column fusion_builder_column fusion-builder-column-2 fusion_builder_column_1_3 1_3 fusion-flex-column\" style=\"--awb-bg-size:cover;--awb-width-large:33.333333333333%;--awb-margin-top-large:0px;--awb-spacing-right-large:5.76%;--awb-margin-bottom-large:20px;--awb-spacing-left-large:5.76%;--awb-width-medium:33.333333333333%;--awb-order-medium:0;--awb-spacing-right-medium:5.76%;--awb-spacing-left-medium:5.76%;--awb-width-small:100%;--awb-order-small:0;--awb-spacing-right-small:1.92%;--awb-spacing-left-small:1.92%;\"><div class=\"fusion-column-wrapper fusion-column-has-shadow fusion-flex-justify-content-flex-start fusion-content-layout-column\"><!DOCTYPE html>\n<html lang=\"tr\">\n<head>\n    <meta charset=\"UTF-8\">\n    <meta name=\"viewport\" content=\"width=device-width, initial-scale=1.0\">\n    <link rel=\"stylesheet\" href=\"https:\/\/cdnjs.cloudflare.com\/ajax\/libs\/font-awesome\/6.4.0\/css\/all.min.css\">\n    <style>\n        body {\n            font-family: 'Segoe UI', Arial, sans-serif;\n            background-color: #f4f4f4;\n            display: flex;\n            justify-content: center;\n            padding: 20px;\n        }\n\n        .service-menu {\n            width: 370px;\n            background: #ffffff;\n            border-radius: 4px;\n            box-shadow: 0 2px 10px rgba(0,0,0,0.1);\n            border: 1px solid #ddd;\n            overflow: hidden;\n        }\n\n        .menu-header {\n            background: #65bd7d;\n            color: white;\n            padding: 8px 15px;\n            font-size: 14px;\n            font-weight: 600;\n            text-align: center;\n        }\n\n        .menu-list {\n            list-style: none;\n            margin: 0;\n            padding: 0;\n        }\n\n        .menu-item {\n            border-bottom: 1px solid #eee;\n        }\n\n        .menu-item:last-child {\n            border-bottom: none;\n        }\n\n        .menu-link {\n            display: flex;\n            align-items: center;\n            padding: 5px 12px; \/* Daha da minimize edilmi\u015f aral\u0131klar *\/\n            text-decoration: none;\n            color: #333;\n            font-size: 12.5px;\n            transition: all 0.2s ease;\n        }\n\n        .menu-link i {\n            width: 22px;\n            color: #65bd7d;\n            font-size: 13px;\n            margin-right: 8px;\n            text-align: center;\n        }\n\n        .menu-link:hover {\n            background-color: #f9fdfa;\n            color: #65bd7d;\n        }\n    <\/style>\n<\/head>\n<body>\n\n<div class=\"service-menu\">\n    <div class=\"menu-header\">Hizmet Alanlar\u0131m\u0131z<\/div>\n    <ul class=\"menu-list\">\n        <li class=\"menu-item\"><a href=\"https:\/\/www.detamcevre.com\/\" class=\"menu-link\"><i class=\"fas fa-leaf\"><\/i> \u00c7evre Dan\u0131\u015fmanl\u0131k Hizmetleri<\/a><\/li>\n        <li class=\"menu-item\"><a href=\"https:\/\/www.detamcevre.com\/index.php\/cevre-muhendisi-gorevlendirilmesi\/\" class=\"menu-link\"><i class=\"fas fa-user-cog\"><\/i> \u00c7evre M\u00fchendisi G\u00f6revlendirilmesi<\/a><\/li>\n        <li class=\"menu-item\"><a href=\"https:\/\/www.detamcevre.com\/index.php\/cevre-mevzuatlari-ambalaj-ve-atik-beyani-calismalari\/\" class=\"menu-link\"><i class=\"fas fa-file-signature\"><\/i> \u00c7evre Mevzuatlar\u0131 ve At\u0131k Beyan\u0131<\/a><\/li>\n        <li class=\"menu-item\"><a href=\"https:\/\/www.detamcevre.com\/index.php\/cevre-muhendisi-ve-lisans-basvurusu\/\" class=\"menu-link\"><i class=\"fas fa-id-card\"><\/i> \u00c7evre M\u00fchendisi ve Lisans Ba\u015fvurusu<\/a><\/li>\n        <li class=\"menu-item\"><a href=\"https:\/\/www.detamcevre.com\/index.php\/sifir-atik-danismanligi\/\" class=\"menu-link\"><i class=\"fas fa-recycle\"><\/i> S\u0131f\u0131r At\u0131k Dan\u0131\u015fmanl\u0131\u011f\u0131<\/a><\/li>\n        <li class=\"menu-item\"><a href=\"https:\/\/www.detamcevre.com\/index.php\/cevre-yonetim-iso14001-hizmetleri\/\" class=\"menu-link\"><i class=\"fas fa-check-double\"><\/i> \u00c7evre Y\u00f6netim (ISO14001)<\/a><\/li>\n        <li class=\"menu-item\"><a href=\"https:\/\/www.detamcevre.com\/index.php\/su-verimliligi-danismanligi\/\" class=\"menu-link\"><i class=\"fas fa-faucet\"><\/i> Su Verimlili\u011fi Y\u00f6netmeli\u011fi<\/a><\/li>\n        <li class=\"menu-item\"><a href=\"https:\/\/www.detamcevre.com\/index.php\/enerji-yonetim-danismanlik-hizmetleri\/\" class=\"menu-link\"><i class=\"fas fa-charging-station\"><\/i> Enerji Y\u00f6netim Dan\u0131\u015fmanl\u0131\u011f\u0131<\/a><\/li>\n        <li class=\"menu-item\"><a href=\"https:\/\/www.detamcevre.com\/index.php\/uretim-sureci-belgelerinin-olusturulmasi\/\" class=\"menu-link\"><i class=\"fas fa-tools\"><\/i> \u00dcretim S\u00fcreci Belgeleri<\/a><\/li>\n        <li class=\"menu-item\"><a href=\"https:\/\/www.detamcevre.com\/index.php\/proje-kaynak-gelistirme-danismanligi\/\" class=\"menu-link\"><i class=\"fas fa-briefcase\"><\/i> Proje Kaynak Geli\u015ftirme<\/a><\/li>\n        <li class=\"menu-item\"><a href=\"https:\/\/www.detamcevre.com\/index.php\/ced-izleme-hizmetleri-ced-danismanligi\/\" class=\"menu-link\"><i class=\"fas fa-search\"><\/i> \u00c7ED \u0130zleme Hizmetleri<\/a><\/li>\n        <li class=\"menu-item\"><a href=\"https:\/\/www.detamcevre.com\/index.php\/cevresel-etki-degerlendirmesi\/\" class=\"menu-link\"><i class=\"fas fa-clipboard-check\"><\/i> \u00c7evresel Etki De\u011ferlendirmesi<\/a><\/li>\n        <li class=\"menu-item\"><a href=\"https:\/\/www.detamcevre.com\/index.php\/yurt-disi-yatirimcilara-fabrika-alani-fizibilite-danismanligi\/\" class=\"menu-link\"><i class=\"fas fa-map-marked-alt\"><\/i> Fabrika Alan\u0131 Fizibilite<\/a><\/li>\n        <li class=\"menu-item\"><a href=\"https:\/\/www.detamcevre.com\/index.php\/gumruk-islemleri-ve-dis-ticaret-danismanligi\/\" class=\"menu-link\"><i class=\"fas fa-globe\"><\/i> G\u00fcmr\u00fck ve D\u0131\u015f Ticaret Dan\u0131\u015fmanl\u0131\u011f\u0131<\/a><\/li>\n        <li class=\"menu-item\"><a href=\"https:\/\/www.detamcevre.com\/index.php\/yatirim-tesvik-danismanlik-hizmetleri\/\" class=\"menu-link\"><i class=\"fas fa-hand-holding-usd\"><\/i> Yat\u0131r\u0131m Te\u015fvik Dan\u0131\u015fmanl\u0131\u011f\u0131<\/a><\/li>\n    <\/ul>\n<\/div>\n\n<\/body>\n<\/html><\/div><\/div><\/div><\/div><\/p>\n","protected":false},"excerpt":{"rendered":"","protected":false},"author":1,"featured_media":0,"parent":0,"menu_order":0,"comment_status":"closed","ping_status":"closed","template":"100-width.php","meta":{"footnotes":""},"class_list":["post-92","page","type-page","status-publish","hentry"],"yoast_head":"<!-- This site is optimized with the Yoast SEO plugin v27.5 - https:\/\/yoast.com\/product\/yoast-seo-wordpress\/ -->\n<title>Kalite Politikam\u0131z DETAM Entegre Y\u00f6netim Sistemi<\/title>\n<meta name=\"description\" content=\"DETAM kalite politikas\u0131; \u00e7evre, i\u015f sa\u011fl\u0131\u011f\u0131 ve g\u00fcvenli\u011fi alan\u0131nda entegre y\u00f6netim sistemi ve s\u00fcrd\u00fcr\u00fclebilir geli\u015fim prensibine dayan\u0131r.\" \/>\n<meta name=\"robots\" content=\"index, follow, max-snippet:-1, max-image-preview:large, max-video-preview:-1\" \/>\n<link rel=\"canonical\" href=\"https:\/\/www.detamcevre.com\/index.php\/kalite-politikamiz\/\" \/>\n<meta property=\"og:locale\" content=\"tr_TR\" \/>\n<meta property=\"og:type\" content=\"article\" \/>\n<meta property=\"og:title\" content=\"Kalite Politikam\u0131z DETAM Entegre Y\u00f6netim Sistemi\" \/>\n<meta property=\"og:description\" content=\"DETAM kalite politikas\u0131; \u00e7evre, i\u015f sa\u011fl\u0131\u011f\u0131 ve g\u00fcvenli\u011fi alan\u0131nda entegre y\u00f6netim sistemi ve s\u00fcrd\u00fcr\u00fclebilir geli\u015fim prensibine dayan\u0131r.\" \/>\n<meta property=\"og:url\" content=\"https:\/\/www.detamcevre.com\/index.php\/kalite-politikamiz\/\" \/>\n<meta property=\"og:site_name\" content=\"Detam &Ccedil;evre Dan\u0131\u015fmal\u0131k Hizmetleri\" \/>\n<meta property=\"article:modified_time\" content=\"2026-03-07T08:39:07+00:00\" \/>\n<meta name=\"twitter:card\" content=\"summary_large_image\" \/>\n<meta name=\"twitter:label1\" content=\"Tahmini okuma s\u00fcresi\" \/>\n\t<meta name=\"twitter:data1\" content=\"2 dakika\" \/>\n<script type=\"application\/ld+json\" class=\"yoast-schema-graph\">{\"@context\":\"https:\\\/\\\/schema.org\",\"@graph\":[{\"@type\":\"WebPage\",\"@id\":\"https:\\\/\\\/www.detamcevre.com\\\/index.php\\\/kalite-politikamiz\\\/\",\"url\":\"https:\\\/\\\/www.detamcevre.com\\\/index.php\\\/kalite-politikamiz\\\/\",\"name\":\"Kalite Politikam\u0131z DETAM Entegre Y\u00f6netim Sistemi\",\"isPartOf\":{\"@id\":\"https:\\\/\\\/www.detamcevre.com\\\/#website\"},\"datePublished\":\"2025-11-25T09:45:53+00:00\",\"dateModified\":\"2026-03-07T08:39:07+00:00\",\"description\":\"DETAM kalite politikas\u0131; \u00e7evre, i\u015f sa\u011fl\u0131\u011f\u0131 ve g\u00fcvenli\u011fi alan\u0131nda entegre y\u00f6netim sistemi ve s\u00fcrd\u00fcr\u00fclebilir geli\u015fim prensibine dayan\u0131r.\",\"breadcrumb\":{\"@id\":\"https:\\\/\\\/www.detamcevre.com\\\/index.php\\\/kalite-politikamiz\\\/#breadcrumb\"},\"inLanguage\":\"tr\",\"potentialAction\":[{\"@type\":\"ReadAction\",\"target\":[\"https:\\\/\\\/www.detamcevre.com\\\/index.php\\\/kalite-politikamiz\\\/\"]}]},{\"@type\":\"BreadcrumbList\",\"@id\":\"https:\\\/\\\/www.detamcevre.com\\\/index.php\\\/kalite-politikamiz\\\/#breadcrumb\",\"itemListElement\":[{\"@type\":\"ListItem\",\"position\":1,\"name\":\"Anasayfa\",\"item\":\"https:\\\/\\\/www.detamcevre.com\\\/\"},{\"@type\":\"ListItem\",\"position\":2,\"name\":\"Kalite Politikam\u0131z\"}]},{\"@type\":\"WebSite\",\"@id\":\"https:\\\/\\\/www.detamcevre.com\\\/#website\",\"url\":\"https:\\\/\\\/www.detamcevre.com\\\/\",\"name\":\"Detam &Ccedil;evre Dan\u0131\u015fmal\u0131k Hizmetleri\",\"description\":\"Detam &Ccedil;evre Dan\u0131\u015fmanl\u0131k Hizmetleri\",\"potentialAction\":[{\"@type\":\"SearchAction\",\"target\":{\"@type\":\"EntryPoint\",\"urlTemplate\":\"https:\\\/\\\/www.detamcevre.com\\\/?s={search_term_string}\"},\"query-input\":{\"@type\":\"PropertyValueSpecification\",\"valueRequired\":true,\"valueName\":\"search_term_string\"}}],\"inLanguage\":\"tr\"}]}<\/script>\n<!-- \/ Yoast SEO plugin. -->","yoast_head_json":{"title":"Kalite Politikam\u0131z DETAM Entegre Y\u00f6netim Sistemi","description":"DETAM kalite politikas\u0131; \u00e7evre, i\u015f sa\u011fl\u0131\u011f\u0131 ve g\u00fcvenli\u011fi alan\u0131nda entegre y\u00f6netim sistemi ve s\u00fcrd\u00fcr\u00fclebilir geli\u015fim prensibine dayan\u0131r.","robots":{"index":"index","follow":"follow","max-snippet":"max-snippet:-1","max-image-preview":"max-image-preview:large","max-video-preview":"max-video-preview:-1"},"canonical":"https:\/\/www.detamcevre.com\/index.php\/kalite-politikamiz\/","og_locale":"tr_TR","og_type":"article","og_title":"Kalite Politikam\u0131z DETAM Entegre Y\u00f6netim Sistemi","og_description":"DETAM kalite politikas\u0131; \u00e7evre, i\u015f sa\u011fl\u0131\u011f\u0131 ve g\u00fcvenli\u011fi alan\u0131nda entegre y\u00f6netim sistemi ve s\u00fcrd\u00fcr\u00fclebilir geli\u015fim prensibine dayan\u0131r.","og_url":"https:\/\/www.detamcevre.com\/index.php\/kalite-politikamiz\/","og_site_name":"Detam &Ccedil;evre Dan\u0131\u015fmal\u0131k Hizmetleri","article_modified_time":"2026-03-07T08:39:07+00:00","twitter_card":"summary_large_image","twitter_misc":{"Tahmini okuma s\u00fcresi":"2 dakika"},"schema":{"@context":"https:\/\/schema.org","@graph":[{"@type":"WebPage","@id":"https:\/\/www.detamcevre.com\/index.php\/kalite-politikamiz\/","url":"https:\/\/www.detamcevre.com\/index.php\/kalite-politikamiz\/","name":"Kalite Politikam\u0131z DETAM Entegre Y\u00f6netim Sistemi","isPartOf":{"@id":"https:\/\/www.detamcevre.com\/#website"},"datePublished":"2025-11-25T09:45:53+00:00","dateModified":"2026-03-07T08:39:07+00:00","description":"DETAM kalite politikas\u0131; \u00e7evre, i\u015f sa\u011fl\u0131\u011f\u0131 ve g\u00fcvenli\u011fi alan\u0131nda entegre y\u00f6netim sistemi ve s\u00fcrd\u00fcr\u00fclebilir geli\u015fim prensibine dayan\u0131r.","breadcrumb":{"@id":"https:\/\/www.detamcevre.com\/index.php\/kalite-politikamiz\/#breadcrumb"},"inLanguage":"tr","potentialAction":[{"@type":"ReadAction","target":["https:\/\/www.detamcevre.com\/index.php\/kalite-politikamiz\/"]}]},{"@type":"BreadcrumbList","@id":"https:\/\/www.detamcevre.com\/index.php\/kalite-politikamiz\/#breadcrumb","itemListElement":[{"@type":"ListItem","position":1,"name":"Anasayfa","item":"https:\/\/www.detamcevre.com\/"},{"@type":"ListItem","position":2,"name":"Kalite Politikam\u0131z"}]},{"@type":"WebSite","@id":"https:\/\/www.detamcevre.com\/#website","url":"https:\/\/www.detamcevre.com\/","name":"Detam &Ccedil;evre Dan\u0131\u015fmal\u0131k Hizmetleri","description":"Detam &Ccedil;evre Dan\u0131\u015fmanl\u0131k Hizmetleri","potentialAction":[{"@type":"SearchAction","target":{"@type":"EntryPoint","urlTemplate":"https:\/\/www.detamcevre.com\/?s={search_term_string}"},"query-input":{"@type":"PropertyValueSpecification","valueRequired":true,"valueName":"search_term_string"}}],"inLanguage":"tr"}]}},"_links":{"self":[{"href":"https:\/\/www.detamcevre.com\/index.php\/wp-json\/wp\/v2\/pages\/92","targetHints":{"allow":["GET"]}}],"collection":[{"href":"https:\/\/www.detamcevre.com\/index.php\/wp-json\/wp\/v2\/pages"}],"about":[{"href":"https:\/\/www.detamcevre.com\/index.php\/wp-json\/wp\/v2\/types\/page"}],"author":[{"embeddable":true,"href":"https:\/\/www.detamcevre.com\/index.php\/wp-json\/wp\/v2\/users\/1"}],"replies":[{"embeddable":true,"href":"https:\/\/www.detamcevre.com\/index.php\/wp-json\/wp\/v2\/comments?post=92"}],"version-history":[{"count":4,"href":"https:\/\/www.detamcevre.com\/index.php\/wp-json\/wp\/v2\/pages\/92\/revisions"}],"predecessor-version":[{"id":926,"href":"https:\/\/www.detamcevre.com\/index.php\/wp-json\/wp\/v2\/pages\/92\/revisions\/926"}],"wp:attachment":[{"href":"https:\/\/www.detamcevre.com\/index.php\/wp-json\/wp\/v2\/media?parent=92"}],"curies":[{"name":"wp","href":"https:\/\/api.w.org\/{rel}","templated":true}]}}