{"id":96,"date":"2025-11-25T09:46:13","date_gmt":"2025-11-25T09:46:13","guid":{"rendered":"https:\/\/www.detamcevre.com\/?page_id=96"},"modified":"2026-02-24T10:06:35","modified_gmt":"2026-02-24T10:06:35","slug":"musteri-memnuniyet-anketi","status":"publish","type":"page","link":"https:\/\/www.detamcevre.com\/index.php\/musteri-memnuniyet-anketi\/","title":{"rendered":"M\u00fc\u015fteri Memnuniyet Anketi"},"content":{"rendered":"<div class=\"fusion-fullwidth fullwidth-box fusion-builder-row-1 fusion-flex-container nonhundred-percent-fullwidth non-hundred-percent-height-scrolling\" style=\"--awb-background-position:left top;--awb-border-sizes-top:0px;--awb-border-sizes-bottom:0px;--awb-border-sizes-left:0px;--awb-border-sizes-right:0px;--awb-border-radius-top-left:0px;--awb-border-radius-top-right:0px;--awb-border-radius-bottom-right:0px;--awb-border-radius-bottom-left:0px;--awb-flex-wrap:wrap;\" ><div class=\"fusion-builder-row fusion-row fusion-flex-align-items-flex-start fusion-flex-content-wrap\" style=\"max-width:calc( 1200px + 0px );margin-left: calc(-0px \/ 2 );margin-right: calc(-0px \/ 2 );\"><div class=\"fusion-layout-column fusion_builder_column fusion-builder-column-0 fusion_builder_column_1_1 1_1 fusion-flex-column fusion-flex-align-self-flex-start fusion-column-no-min-height\" style=\"--awb-bg-blend:overlay;--awb-bg-size:cover;--awb-width-large:100%;--awb-margin-top-large:0px;--awb-spacing-right-large:0px;--awb-margin-bottom-large:0px;--awb-spacing-left-large:0px;--awb-width-medium:100%;--awb-spacing-right-medium:0px;--awb-spacing-left-medium:0px;--awb-width-small:100%;--awb-spacing-right-small:0px;--awb-spacing-left-small:0px;\"><div class=\"fusion-column-wrapper fusion-flex-justify-content-flex-start fusion-content-layout-column\"><div class=\"fusion-separator fusion-full-width-sep\" style=\"align-self: center;margin-left: auto;margin-right: auto;width:100%;\"><div class=\"fusion-separator-border sep-single sep-solid\" style=\"--awb-height:20px;--awb-amount:20px;--awb-sep-color:var(--awb-color4);border-color:var(--awb-color4);border-top-width:5px;\"><\/div><\/div><\/div><\/div><div class=\"fusion-layout-column fusion_builder_column fusion-builder-column-1 fusion_builder_column_1_1 1_1 fusion-flex-column green-border rounded-border\" style=\"--awb-padding-top:40px;--awb-padding-right:60px;--awb-padding-bottom:20px;--awb-padding-left:60px;--awb-bg-color:#ffffff;--awb-bg-color-hover:#ffffff;--awb-bg-size:cover;--awb-border-color:#e2e2e2;--awb-border-top:1px;--awb-border-right:1px;--awb-border-bottom:1px;--awb-border-left:1px;--awb-border-style:solid;--awb-width-large:100%;--awb-margin-top-large:0px;--awb-spacing-right-large:0px;--awb-margin-bottom-large:45px;--awb-spacing-left-large:0px;--awb-width-medium:100%;--awb-spacing-right-medium:0px;--awb-spacing-left-medium:0px;--awb-width-small:100%;--awb-spacing-right-small:0px;--awb-spacing-left-small:0px;\"><div class=\"fusion-column-wrapper fusion-flex-justify-content-flex-start fusion-content-layout-column\"><div class=\"fusion-title title fusion-title-1 fusion-sep-none fusion-title-text fusion-title-size-three\" style=\"--awb-margin-bottom:30px;--awb-margin-top-small:10px;--awb-margin-right-small:0px;--awb-margin-bottom-small:10px;--awb-margin-left-small:0px;\"><h3 class=\"fusion-title-heading title-heading-left\" style=\"margin:0;\"><\/h3><\/div><div class=\"fusion-separator fusion-full-width-sep\" style=\"align-self: center;margin-left: auto;margin-right: auto;margin-top:5px;margin-bottom:5px;width:100%;\"><\/div><iframe src=\"https:\/\/forms.gle\/pg4DSqDif5taBDuF6\" width=\"100%\" height=\"1200\" frameborder=\"0\" marginheight=\"0\" marginwidth=\"0\">Y\u00fckleniyor...<\/iframe><\/div><\/div><\/div><\/div>\n","protected":false},"excerpt":{"rendered":"","protected":false},"author":1,"featured_media":0,"parent":0,"menu_order":0,"comment_status":"closed","ping_status":"closed","template":"100-width.php","meta":{"footnotes":""},"class_list":["post-96","page","type-page","status-publish","hentry"],"yoast_head":"<!-- This site is optimized with the Yoast SEO plugin v27.5 - https:\/\/yoast.com\/product\/yoast-seo-wordpress\/ -->\n<title>M\u00fc\u015fteri Memnuniyet Anketi DETAM Grup<\/title>\n<meta name=\"description\" content=\"DETAM Grup m\u00fc\u015fteri memnuniyet anketini doldurarak hizmet kalitemizi de\u011ferlendirin ve geli\u015fimimize katk\u0131 sa\u011flay\u0131n.\" \/>\n<meta name=\"robots\" content=\"index, follow, max-snippet:-1, max-image-preview:large, max-video-preview:-1\" \/>\n<link rel=\"canonical\" href=\"https:\/\/www.detamcevre.com\/index.php\/musteri-memnuniyet-anketi\/\" \/>\n<meta property=\"og:locale\" content=\"tr_TR\" \/>\n<meta property=\"og:type\" content=\"article\" \/>\n<meta property=\"og:title\" content=\"M\u00fc\u015fteri Memnuniyet Anketi DETAM Grup\" \/>\n<meta property=\"og:description\" content=\"DETAM Grup m\u00fc\u015fteri memnuniyet anketini doldurarak hizmet kalitemizi de\u011ferlendirin ve geli\u015fimimize katk\u0131 sa\u011flay\u0131n.\" \/>\n<meta property=\"og:url\" content=\"https:\/\/www.detamcevre.com\/index.php\/musteri-memnuniyet-anketi\/\" \/>\n<meta property=\"og:site_name\" content=\"Detam &Ccedil;evre Dan\u0131\u015fmal\u0131k Hizmetleri\" \/>\n<meta property=\"article:modified_time\" content=\"2026-02-24T10:06:35+00:00\" \/>\n<meta name=\"twitter:card\" content=\"summary_large_image\" \/>\n<meta name=\"twitter:label1\" content=\"Tahmini okuma s\u00fcresi\" \/>\n\t<meta name=\"twitter:data1\" content=\"1 dakika\" \/>\n<script type=\"application\/ld+json\" class=\"yoast-schema-graph\">{\"@context\":\"https:\\\/\\\/schema.org\",\"@graph\":[{\"@type\":\"WebPage\",\"@id\":\"https:\\\/\\\/www.detamcevre.com\\\/index.php\\\/musteri-memnuniyet-anketi\\\/\",\"url\":\"https:\\\/\\\/www.detamcevre.com\\\/index.php\\\/musteri-memnuniyet-anketi\\\/\",\"name\":\"M\u00fc\u015fteri Memnuniyet Anketi DETAM Grup\",\"isPartOf\":{\"@id\":\"https:\\\/\\\/www.detamcevre.com\\\/#website\"},\"datePublished\":\"2025-11-25T09:46:13+00:00\",\"dateModified\":\"2026-02-24T10:06:35+00:00\",\"description\":\"DETAM Grup m\u00fc\u015fteri memnuniyet anketini doldurarak hizmet kalitemizi de\u011ferlendirin ve geli\u015fimimize katk\u0131 sa\u011flay\u0131n.\",\"breadcrumb\":{\"@id\":\"https:\\\/\\\/www.detamcevre.com\\\/index.php\\\/musteri-memnuniyet-anketi\\\/#breadcrumb\"},\"inLanguage\":\"tr\",\"potentialAction\":[{\"@type\":\"ReadAction\",\"target\":[\"https:\\\/\\\/www.detamcevre.com\\\/index.php\\\/musteri-memnuniyet-anketi\\\/\"]}]},{\"@type\":\"BreadcrumbList\",\"@id\":\"https:\\\/\\\/www.detamcevre.com\\\/index.php\\\/musteri-memnuniyet-anketi\\\/#breadcrumb\",\"itemListElement\":[{\"@type\":\"ListItem\",\"position\":1,\"name\":\"Anasayfa\",\"item\":\"https:\\\/\\\/www.detamcevre.com\\\/\"},{\"@type\":\"ListItem\",\"position\":2,\"name\":\"M\u00fc\u015fteri Memnuniyet Anketi\"}]},{\"@type\":\"WebSite\",\"@id\":\"https:\\\/\\\/www.detamcevre.com\\\/#website\",\"url\":\"https:\\\/\\\/www.detamcevre.com\\\/\",\"name\":\"Detam &Ccedil;evre Dan\u0131\u015fmal\u0131k Hizmetleri\",\"description\":\"Detam &Ccedil;evre Dan\u0131\u015fmanl\u0131k Hizmetleri\",\"potentialAction\":[{\"@type\":\"SearchAction\",\"target\":{\"@type\":\"EntryPoint\",\"urlTemplate\":\"https:\\\/\\\/www.detamcevre.com\\\/?s={search_term_string}\"},\"query-input\":{\"@type\":\"PropertyValueSpecification\",\"valueRequired\":true,\"valueName\":\"search_term_string\"}}],\"inLanguage\":\"tr\"}]}<\/script>\n<!-- \/ Yoast SEO plugin. -->","yoast_head_json":{"title":"M\u00fc\u015fteri Memnuniyet Anketi DETAM Grup","description":"DETAM Grup m\u00fc\u015fteri memnuniyet anketini doldurarak hizmet kalitemizi de\u011ferlendirin ve geli\u015fimimize katk\u0131 sa\u011flay\u0131n.","robots":{"index":"index","follow":"follow","max-snippet":"max-snippet:-1","max-image-preview":"max-image-preview:large","max-video-preview":"max-video-preview:-1"},"canonical":"https:\/\/www.detamcevre.com\/index.php\/musteri-memnuniyet-anketi\/","og_locale":"tr_TR","og_type":"article","og_title":"M\u00fc\u015fteri Memnuniyet Anketi DETAM Grup","og_description":"DETAM Grup m\u00fc\u015fteri memnuniyet anketini doldurarak hizmet kalitemizi de\u011ferlendirin ve geli\u015fimimize katk\u0131 sa\u011flay\u0131n.","og_url":"https:\/\/www.detamcevre.com\/index.php\/musteri-memnuniyet-anketi\/","og_site_name":"Detam &Ccedil;evre Dan\u0131\u015fmal\u0131k Hizmetleri","article_modified_time":"2026-02-24T10:06:35+00:00","twitter_card":"summary_large_image","twitter_misc":{"Tahmini okuma s\u00fcresi":"1 dakika"},"schema":{"@context":"https:\/\/schema.org","@graph":[{"@type":"WebPage","@id":"https:\/\/www.detamcevre.com\/index.php\/musteri-memnuniyet-anketi\/","url":"https:\/\/www.detamcevre.com\/index.php\/musteri-memnuniyet-anketi\/","name":"M\u00fc\u015fteri Memnuniyet Anketi DETAM Grup","isPartOf":{"@id":"https:\/\/www.detamcevre.com\/#website"},"datePublished":"2025-11-25T09:46:13+00:00","dateModified":"2026-02-24T10:06:35+00:00","description":"DETAM Grup m\u00fc\u015fteri memnuniyet anketini doldurarak hizmet kalitemizi de\u011ferlendirin ve geli\u015fimimize katk\u0131 sa\u011flay\u0131n.","breadcrumb":{"@id":"https:\/\/www.detamcevre.com\/index.php\/musteri-memnuniyet-anketi\/#breadcrumb"},"inLanguage":"tr","potentialAction":[{"@type":"ReadAction","target":["https:\/\/www.detamcevre.com\/index.php\/musteri-memnuniyet-anketi\/"]}]},{"@type":"BreadcrumbList","@id":"https:\/\/www.detamcevre.com\/index.php\/musteri-memnuniyet-anketi\/#breadcrumb","itemListElement":[{"@type":"ListItem","position":1,"name":"Anasayfa","item":"https:\/\/www.detamcevre.com\/"},{"@type":"ListItem","position":2,"name":"M\u00fc\u015fteri Memnuniyet Anketi"}]},{"@type":"WebSite","@id":"https:\/\/www.detamcevre.com\/#website","url":"https:\/\/www.detamcevre.com\/","name":"Detam &Ccedil;evre Dan\u0131\u015fmal\u0131k Hizmetleri","description":"Detam &Ccedil;evre Dan\u0131\u015fmanl\u0131k Hizmetleri","potentialAction":[{"@type":"SearchAction","target":{"@type":"EntryPoint","urlTemplate":"https:\/\/www.detamcevre.com\/?s={search_term_string}"},"query-input":{"@type":"PropertyValueSpecification","valueRequired":true,"valueName":"search_term_string"}}],"inLanguage":"tr"}]}},"_links":{"self":[{"href":"https:\/\/www.detamcevre.com\/index.php\/wp-json\/wp\/v2\/pages\/96","targetHints":{"allow":["GET"]}}],"collection":[{"href":"https:\/\/www.detamcevre.com\/index.php\/wp-json\/wp\/v2\/pages"}],"about":[{"href":"https:\/\/www.detamcevre.com\/index.php\/wp-json\/wp\/v2\/types\/page"}],"author":[{"embeddable":true,"href":"https:\/\/www.detamcevre.com\/index.php\/wp-json\/wp\/v2\/users\/1"}],"replies":[{"embeddable":true,"href":"https:\/\/www.detamcevre.com\/index.php\/wp-json\/wp\/v2\/comments?post=96"}],"version-history":[{"count":8,"href":"https:\/\/www.detamcevre.com\/index.php\/wp-json\/wp\/v2\/pages\/96\/revisions"}],"predecessor-version":[{"id":876,"href":"https:\/\/www.detamcevre.com\/index.php\/wp-json\/wp\/v2\/pages\/96\/revisions\/876"}],"wp:attachment":[{"href":"https:\/\/www.detamcevre.com\/index.php\/wp-json\/wp\/v2\/media?parent=96"}],"curies":[{"name":"wp","href":"https:\/\/api.w.org\/{rel}","templated":true}]}}